{"id":104,"date":"2013-09-05T22:19:18","date_gmt":"2013-09-05T20:19:18","guid":{"rendered":"http:\/\/www.danderydsbk.se\/?page_id=104"},"modified":"2024-05-01T08:45:19","modified_gmt":"2024-05-01T06:45:19","slug":"valkommen","status":"publish","type":"page","link":"https:\/\/www.danderydsbk.se\/","title":{"rendered":"V\u00e4lkommen!"},"content":{"rendered":"<p><span style=\"font-family: tahoma, arial, helvetica, sans-serif;\"><img loading=\"lazy\" decoding=\"async\" class=\"shadowimg alignleft wp-image-95 size-medium\" style=\"line-height: 24px; font-size: 16px;\" src=\"http:\/\/www.danderydsbk.se\/wp-content\/uploads\/2013\/04\/utsikt-300x169.jpg\" alt=\"utsikt\" width=\"300\" height=\"169\" srcset=\"https:\/\/www.danderydsbk.se\/wp-content\/uploads\/2013\/04\/utsikt-300x169.jpg 300w, https:\/\/www.danderydsbk.se\/wp-content\/uploads\/2013\/04\/utsikt-1024x577.jpg 1024w\" sizes=\"auto, (max-width: 300px) 100vw, 300px\" \/><br \/>\nDanderyds b\u00e5tklubb bildades \u00e5r 1931 och best\u00e5r i dag av ca. 180 medlemmar. L\u00e4ngst Nora strand i Danderyd ligger v\u00e5ra bryggor som vetter ut mot Edsvikens mitt. Intill viken ligger \u00e4ven klubbhuset med grusplan f\u00f6r parkering p\u00e5 sommaren och varvplatser p\u00e5 vintern.<\/span><\/p>\n<p><span style=\"font-family: tahoma, arial, helvetica, sans-serif;\">I menyn ovan finner du <strong>Regler<\/strong> som du \u00e4r skyldig att l\u00e4sa om du \u00e4r eller vill bli medlem i klubben. <strong>Hamnplats<\/strong> d\u00e4r du kan ans\u00f6ka om och kontrollera k\u00f6plats. <strong>Kalender<\/strong>\u00a0 d\u00e4r evenemang och viktiga datum l\u00e4ggs upp. P\u00e5 sidan <strong>Varvet<\/strong> beskrivs hur vi hj\u00e4lps \u00e5t att h\u00e5lla ordning och reda. Om du vill skicka meddelande till styrelsen s\u00e5 g\u00e5r detta att g\u00f6ra p\u00e5 sidan\u00a0<strong>Kontakt<\/strong>\u00a0och ans\u00f6kan om medlemskap eller kontroll av k\u00f6plats g\u00f6rs via\u00a0<strong>Hamnplats.<\/strong><\/span><\/p>\n<p>Det \u00e5ligger samtliga medlemmar att h\u00e5lla sig uppdaterad g\u00e4llande regler via hemsidan.<\/p>\n","protected":false},"excerpt":{"rendered":"<p>Danderyds b\u00e5tklubb bildades \u00e5r 1931 och best\u00e5r i dag av ca. 180 medlemmar. L\u00e4ngst Nora strand i Danderyd ligger v\u00e5ra bryggor som vetter ut mot Edsvikens mitt. Intill viken ligger \u00e4ven klubbhuset med grusplan f\u00f6r parkering p\u00e5 sommaren och varvplatser &hellip; <a href=\"https:\/\/www.danderydsbk.se\/\">Forts\u00e4tt l\u00e4sa <span class=\"meta-nav\">&rarr;<\/span><\/a><\/p>\n","protected":false},"author":375,"featured_media":0,"parent":0,"menu_order":0,"comment_status":"open","ping_status":"open","template":"","meta":{"_price":"","_stock":"","_tribe_ticket_header":"","_tribe_default_ticket_provider":"","_tribe_ticket_capacity":"0","_ticket_start_date":"","_ticket_end_date":"","_tribe_ticket_show_description":"","_tribe_ticket_show_not_going":false,"_tribe_ticket_use_global_stock":"","_tribe_ticket_global_stock_level":"","_global_stock_mode":"","_global_stock_cap":"","_tribe_rsvp_for_event":"","_tribe_ticket_going_count":"","_tribe_ticket_not_going_count":"","_tribe_tickets_list":"[]","_tribe_ticket_has_attendee_info_fields":false,"footnotes":"","_tec_slr_enabled":"","_tec_slr_layout":""},"class_list":["post-104","page","type-page","status-publish","hentry"],"ticketed":false,"_links":{"self":[{"href":"https:\/\/www.danderydsbk.se\/index.php?rest_route=\/wp\/v2\/pages\/104","targetHints":{"allow":["GET"]}}],"collection":[{"href":"https:\/\/www.danderydsbk.se\/index.php?rest_route=\/wp\/v2\/pages"}],"about":[{"href":"https:\/\/www.danderydsbk.se\/index.php?rest_route=\/wp\/v2\/types\/page"}],"author":[{"embeddable":true,"href":"https:\/\/www.danderydsbk.se\/index.php?rest_route=\/wp\/v2\/users\/375"}],"replies":[{"embeddable":true,"href":"https:\/\/www.danderydsbk.se\/index.php?rest_route=%2Fwp%2Fv2%2Fcomments&post=104"}],"version-history":[{"count":33,"href":"https:\/\/www.danderydsbk.se\/index.php?rest_route=\/wp\/v2\/pages\/104\/revisions"}],"predecessor-version":[{"id":706,"href":"https:\/\/www.danderydsbk.se\/index.php?rest_route=\/wp\/v2\/pages\/104\/revisions\/706"}],"wp:attachment":[{"href":"https:\/\/www.danderydsbk.se\/index.php?rest_route=%2Fwp%2Fv2%2Fmedia&parent=104"}],"curies":[{"name":"wp","href":"https:\/\/api.w.org\/{rel}","templated":true}]}}