{"id":540,"date":"2021-11-14T13:48:54","date_gmt":"2021-11-14T12:48:54","guid":{"rendered":"http:\/\/www.danderydsbk.se\/?page_id=540"},"modified":"2026-03-18T11:43:39","modified_gmt":"2026-03-18T10:43:39","slug":"miljo","status":"publish","type":"page","link":"https:\/\/www.danderydsbk.se\/?page_id=540","title":{"rendered":"Dokument"},"content":{"rendered":"\n<div class=\"wp-block-group\"><div class=\"wp-block-group__inner-container is-layout-flow wp-block-group-is-layout-flow\">\n<p><\/p>\n\n\n\n<ul class=\"wp-block-list\">\n<li>Milj\u00f6plan f\u00f6r Danderyds B\u00e5tklubb &#8211; <a href=\"http:\/\/www.danderydsbk.se\/wp-content\/uploads\/2025\/12\/Miljoplan-inkl-Miljopolicy-DBK.pdf\" target=\"_blank\" rel=\"noreferrer noopener\">Ladda ner<\/a><\/li>\n\n\n\n<li>Skiss varvsomr\u00e5de f\u00f6r milj\u00f6plan &#8211;<a href=\"http:\/\/www.danderydsbk.se\/wp-content\/uploads\/2021\/11\/Skiss-varvsomrade-miljoplan.pdf\" target=\"_blank\" rel=\"noreferrer noopener\">Ladda ner<\/a><\/li>\n\n\n\n<li>Bryggplatser &#8211;<a href=\"http:\/\/www.danderydsbk.se\/wp-content\/uploads\/2026\/03\/bryggplatser-DBK.pdf\" target=\"_blank\" rel=\"noreferrer noopener\">Ladda ner<\/a><\/li>\n\n\n\n<li>Instruktion f\u00f6r nattvakt &#8211; <a href=\"http:\/\/www.danderydsbk.se\/wp-content\/uploads\/2026\/03\/Instruktion_nattvakt_Danderyds_Batklubb_v2.pdf\" target=\"_blank\" rel=\"noreferrer noopener\">Ladda ner<\/a><\/li>\n\n\n\n<li>Avgifter mm \u00c5r 2026 &#8211; <a href=\"http:\/\/www.danderydsbk.se\/wp-content\/uploads\/2026\/03\/Avgifter-m-m-ar-2026.pdf\" target=\"_blank\" rel=\"noreferrer noopener\">Ladda ner<\/a><\/li>\n\n\n\n<li>Uppl\u00e5telseavtalsmall &#8211; <a href=\"http:\/\/www.danderydsbk.se\/wp-content\/uploads\/2026\/03\/DBK-Upplatelseavtalsmall-utgava-2026-03-18.pdf\" target=\"_blank\" rel=\"noreferrer noopener\">Ladda ner<\/a><\/li>\n<\/ul>\n<\/div><\/div>\n\n\n\n<p><\/p>\n","protected":false},"excerpt":{"rendered":"","protected":false},"author":375,"featured_media":0,"parent":0,"menu_order":0,"comment_status":"closed","ping_status":"closed","template":"","meta":{"_price":"","_stock":"","_tribe_ticket_header":"","_tribe_default_ticket_provider":"","_tribe_ticket_capacity":"0","_ticket_start_date":"","_ticket_end_date":"","_tribe_ticket_show_description":"","_tribe_ticket_show_not_going":false,"_tribe_ticket_use_global_stock":"","_tribe_ticket_global_stock_level":"","_global_stock_mode":"","_global_stock_cap":"","_tribe_rsvp_for_event":"","_tribe_ticket_going_count":"","_tribe_ticket_not_going_count":"","_tribe_tickets_list":"[]","_tribe_ticket_has_attendee_info_fields":false,"footnotes":"","_tec_slr_enabled":"","_tec_slr_layout":""},"class_list":["post-540","page","type-page","status-publish","hentry"],"ticketed":false,"_links":{"self":[{"href":"https:\/\/www.danderydsbk.se\/index.php?rest_route=\/wp\/v2\/pages\/540","targetHints":{"allow":["GET"]}}],"collection":[{"href":"https:\/\/www.danderydsbk.se\/index.php?rest_route=\/wp\/v2\/pages"}],"about":[{"href":"https:\/\/www.danderydsbk.se\/index.php?rest_route=\/wp\/v2\/types\/page"}],"author":[{"embeddable":true,"href":"https:\/\/www.danderydsbk.se\/index.php?rest_route=\/wp\/v2\/users\/375"}],"replies":[{"embeddable":true,"href":"https:\/\/www.danderydsbk.se\/index.php?rest_route=%2Fwp%2Fv2%2Fcomments&post=540"}],"version-history":[{"count":31,"href":"https:\/\/www.danderydsbk.se\/index.php?rest_route=\/wp\/v2\/pages\/540\/revisions"}],"predecessor-version":[{"id":916,"href":"https:\/\/www.danderydsbk.se\/index.php?rest_route=\/wp\/v2\/pages\/540\/revisions\/916"}],"wp:attachment":[{"href":"https:\/\/www.danderydsbk.se\/index.php?rest_route=%2Fwp%2Fv2%2Fmedia&parent=540"}],"curies":[{"name":"wp","href":"https:\/\/api.w.org\/{rel}","templated":true}]}}